{"id":4693,"date":"2025-02-10T15:17:54","date_gmt":"2025-02-10T14:17:54","guid":{"rendered":"https:\/\/motorshow.lu\/voitures-de-competition\/"},"modified":"2025-09-25T16:41:31","modified_gmt":"2025-09-25T14:41:31","slug":"voitures-de-competition","status":"publish","type":"page","link":"https:\/\/motorshow.lu\/de\/voitures-de-competition\/","title":{"rendered":"Rennautos"},"content":{"rendered":"\n<p class=\"has-medium-font-size\"><strong>DAS ADRENALIN DES RENNSPORTS IM HERZEN DER MESSE<\/strong><\/p>\n\n\n\n<p>Die International Motor Show Luxembourg vereint die sch\u00f6nsten Rennwagen aus dem Gro\u00dfherzogtum und dem Ausland. Rallye, Rundstrecke, Karting oder Cross Car: Jede Disziplin wird hervorgehoben, um einen umfassenden \u00dcberblick \u00fcber den Motorsport zu bieten.<\/p>\n\n\n\n<p>Die Besucher k\u00f6nnen nationale und internationale Fahrer treffen, Clubs und Fan-Zonen entdecken sowie eine gro\u00dfe Auswahl an Zubeh\u00f6r f\u00fcr Enthusiasten und Fahrer erleben.<\/p>\n\n\n\n<p>Ein Raum, in dem sich Geschwindigkeit, Leistung und Emotion vereinen, um das wahre Wesen des Motorsports zu feiern.<\/p>\n\n\n\n<figure class=\"wp-block-gallery has-nested-images columns-default is-cropped wp-block-gallery-1 is-layout-flex wp-block-gallery-is-layout-flex\">\n<figure class=\"wp-block-image size-full\"><img decoding=\"async\" width=\"1872\" height=\"1248\" data-id=\"4553\" src=\"https:\/\/motorshow.lu\/wp-content\/uploads\/sites\/2\/2023_IMS_Web_005-edited.jpg\" alt=\"\" class=\"wp-image-4553\" srcset=\"https:\/\/motorshow.lu\/wp-content\/uploads\/sites\/2\/2023_IMS_Web_005-edited.jpg 1872w, https:\/\/motorshow.lu\/wp-content\/uploads\/sites\/2\/2023_IMS_Web_005-edited-300x200.jpg 300w, https:\/\/motorshow.lu\/wp-content\/uploads\/sites\/2\/2023_IMS_Web_005-edited-1024x683.jpg 1024w\" sizes=\"(max-width: 1872px) 100vw, 1872px\" \/><\/figure>\n\n\n\n<figure class=\"wp-block-image size-full\"><img decoding=\"async\" width=\"1871\" height=\"1248\" data-id=\"4556\" src=\"https:\/\/motorshow.lu\/wp-content\/uploads\/sites\/2\/2023_IMS_Web_032-edited.jpg\" alt=\"\" class=\"wp-image-4556\" srcset=\"https:\/\/motorshow.lu\/wp-content\/uploads\/sites\/2\/2023_IMS_Web_032-edited.jpg 1871w, https:\/\/motorshow.lu\/wp-content\/uploads\/sites\/2\/2023_IMS_Web_032-edited-300x200.jpg 300w, https:\/\/motorshow.lu\/wp-content\/uploads\/sites\/2\/2023_IMS_Web_032-edited-1024x683.jpg 1024w\" sizes=\"(max-width: 1871px) 100vw, 1871px\" \/><\/figure>\n<\/figure>\n\n\n\n<p class=\"has-text-align-center has-white-color has-black-background-color has-text-color has-background has-link-color wp-elements-197caab0e60e3fb33bb177460e0e9ea9\"><strong><strong>RENNSTRECKE &#8211; RALLYE &#8211; CROSSCAR &#8211; KARTING &#8211; STARS &#8211; B\u00dcNDE &#8211; VERBANDE &#8211; ZUBEH\u00d6R &#8211; FAHRSCHULE &#8211; TRACK DAY<\/strong><\/strong><\/p>\n\n\n\n<figure class=\"wp-block-image size-full\"><img decoding=\"async\" width=\"1855\" height=\"1237\" src=\"https:\/\/motorshow.lu\/wp-content\/uploads\/sites\/2\/2023_IMS_Web_093-edited.jpg\" alt=\"\" class=\"wp-image-4559\" srcset=\"https:\/\/motorshow.lu\/wp-content\/uploads\/sites\/2\/2023_IMS_Web_093-edited.jpg 1855w, https:\/\/motorshow.lu\/wp-content\/uploads\/sites\/2\/2023_IMS_Web_093-edited-300x200.jpg 300w, https:\/\/motorshow.lu\/wp-content\/uploads\/sites\/2\/2023_IMS_Web_093-edited-1024x683.jpg 1024w\" sizes=\"(max-width: 1855px) 100vw, 1855px\" \/><\/figure>\n\n\n<div class=\"wp-block-image\">\n<figure class=\"aligncenter size-full is-resized\"><a href=\"https:\/\/motorshow.lu\/de\/spectateur\/tickets\/\" target=\"_blank\" rel=\"noreferrer noopener\"><img decoding=\"async\" width=\"1920\" height=\"1080\" src=\"https:\/\/motorshow.lu\/wp-content\/uploads\/sites\/2\/Red-and-Black-Simple-Modern-Subscribe-Button-Youtube-Video-2-1.gif\" alt=\"\" class=\"wp-image-5256\" style=\"width:334px;height:auto\" \/><\/a><\/figure><\/div>","protected":false},"excerpt":{"rendered":"<p>DAS ADRENALIN DES RENNSPORTS IM HERZEN DER MESSE Die International Motor Show Luxembourg vereint die sch\u00f6nsten Rennwagen aus dem Gro\u00dfherzogtum [&hellip;]<\/p>\n","protected":false},"author":2,"featured_media":0,"parent":0,"menu_order":0,"comment_status":"closed","ping_status":"closed","template":"","meta":{"_acf_changed":false,"footnotes":""},"class_list":["post-4693","page","type-page","status-publish","hentry"],"acf":{"vhrs":false},"yoast_head":"<!-- This site is optimized with the Yoast SEO plugin v27.5 - https:\/\/yoast.com\/product\/yoast-seo-wordpress\/ -->\n<title>Rennautos - Motor Show<\/title>\n<meta name=\"robots\" content=\"index, follow, max-snippet:-1, max-image-preview:large, max-video-preview:-1\" \/>\n<link rel=\"canonical\" href=\"https:\/\/motorshow.lu\/de\/voitures-de-competition\/\" \/>\n<meta property=\"og:locale\" content=\"de_DE\" \/>\n<meta property=\"og:type\" content=\"article\" \/>\n<meta property=\"og:title\" content=\"Rennautos - Motor Show\" \/>\n<meta property=\"og:description\" content=\"DAS ADRENALIN DES RENNSPORTS IM HERZEN DER MESSE Die International Motor Show Luxembourg vereint die sch\u00f6nsten Rennwagen aus dem Gro\u00dfherzogtum [&hellip;]\" \/>\n<meta property=\"og:url\" content=\"https:\/\/motorshow.lu\/de\/voitures-de-competition\/\" \/>\n<meta property=\"og:site_name\" content=\"Motor Show\" \/>\n<meta property=\"article:modified_time\" content=\"2025-09-25T14:41:31+00:00\" \/>\n<meta property=\"og:image\" content=\"https:\/\/motorshow.lu\/wp-content\/uploads\/sites\/2\/2023_IMS_Web_005-edited.jpg\" \/>\n\t<meta property=\"og:image:width\" content=\"1872\" \/>\n\t<meta property=\"og:image:height\" content=\"1248\" \/>\n\t<meta property=\"og:image:type\" content=\"image\/jpeg\" \/>\n<meta name=\"twitter:card\" content=\"summary_large_image\" \/>\n<meta name=\"twitter:label1\" content=\"Gesch\u00e4tzte Lesezeit\" \/>\n\t<meta name=\"twitter:data1\" content=\"2\u00a0Minuten\" \/>\n<script type=\"application\/ld+json\" class=\"yoast-schema-graph\">{\"@context\":\"https:\\\/\\\/schema.org\",\"@graph\":[{\"@type\":\"WebPage\",\"@id\":\"https:\\\/\\\/motorshow.lu\\\/de\\\/voitures-de-competition\\\/\",\"url\":\"https:\\\/\\\/motorshow.lu\\\/de\\\/voitures-de-competition\\\/\",\"name\":\"Rennautos - Motor Show\",\"isPartOf\":{\"@id\":\"https:\\\/\\\/motorshow.lu\\\/#website\"},\"primaryImageOfPage\":{\"@id\":\"https:\\\/\\\/motorshow.lu\\\/de\\\/voitures-de-competition\\\/#primaryimage\"},\"image\":{\"@id\":\"https:\\\/\\\/motorshow.lu\\\/de\\\/voitures-de-competition\\\/#primaryimage\"},\"thumbnailUrl\":\"https:\\\/\\\/motorshow.lu\\\/wp-content\\\/uploads\\\/sites\\\/2\\\/2023_IMS_Web_005-edited.jpg\",\"datePublished\":\"2025-02-10T14:17:54+00:00\",\"dateModified\":\"2025-09-25T14:41:31+00:00\",\"breadcrumb\":{\"@id\":\"https:\\\/\\\/motorshow.lu\\\/de\\\/voitures-de-competition\\\/#breadcrumb\"},\"inLanguage\":\"de\",\"potentialAction\":[{\"@type\":\"ReadAction\",\"target\":[\"https:\\\/\\\/motorshow.lu\\\/de\\\/voitures-de-competition\\\/\"]}]},{\"@type\":\"ImageObject\",\"inLanguage\":\"de\",\"@id\":\"https:\\\/\\\/motorshow.lu\\\/de\\\/voitures-de-competition\\\/#primaryimage\",\"url\":\"https:\\\/\\\/motorshow.lu\\\/wp-content\\\/uploads\\\/sites\\\/2\\\/2023_IMS_Web_005-edited.jpg\",\"contentUrl\":\"https:\\\/\\\/motorshow.lu\\\/wp-content\\\/uploads\\\/sites\\\/2\\\/2023_IMS_Web_005-edited.jpg\"},{\"@type\":\"BreadcrumbList\",\"@id\":\"https:\\\/\\\/motorshow.lu\\\/de\\\/voitures-de-competition\\\/#breadcrumb\",\"itemListElement\":[{\"@type\":\"ListItem\",\"position\":1,\"name\":\"Accueil\",\"item\":\"https:\\\/\\\/motorshow.lu\\\/de\\\/\"},{\"@type\":\"ListItem\",\"position\":2,\"name\":\"Rennautos\"}]},{\"@type\":\"WebSite\",\"@id\":\"https:\\\/\\\/motorshow.lu\\\/#website\",\"url\":\"https:\\\/\\\/motorshow.lu\\\/\",\"name\":\"Motor Show\",\"description\":\"Un site utilisant Les sites de DG Sport\",\"potentialAction\":[{\"@type\":\"SearchAction\",\"target\":{\"@type\":\"EntryPoint\",\"urlTemplate\":\"https:\\\/\\\/motorshow.lu\\\/?s={search_term_string}\"},\"query-input\":{\"@type\":\"PropertyValueSpecification\",\"valueRequired\":true,\"valueName\":\"search_term_string\"}}],\"inLanguage\":\"de\"}]}<\/script>\n<!-- \/ Yoast SEO plugin. -->","yoast_head_json":{"title":"Rennautos - Motor Show","robots":{"index":"index","follow":"follow","max-snippet":"max-snippet:-1","max-image-preview":"max-image-preview:large","max-video-preview":"max-video-preview:-1"},"canonical":"https:\/\/motorshow.lu\/de\/voitures-de-competition\/","og_locale":"de_DE","og_type":"article","og_title":"Rennautos - Motor Show","og_description":"DAS ADRENALIN DES RENNSPORTS IM HERZEN DER MESSE Die International Motor Show Luxembourg vereint die sch\u00f6nsten Rennwagen aus dem Gro\u00dfherzogtum [&hellip;]","og_url":"https:\/\/motorshow.lu\/de\/voitures-de-competition\/","og_site_name":"Motor Show","article_modified_time":"2025-09-25T14:41:31+00:00","og_image":[{"width":1872,"height":1248,"url":"https:\/\/motorshow.lu\/wp-content\/uploads\/sites\/2\/2023_IMS_Web_005-edited.jpg","type":"image\/jpeg"}],"twitter_card":"summary_large_image","twitter_misc":{"Gesch\u00e4tzte Lesezeit":"2\u00a0Minuten"},"schema":{"@context":"https:\/\/schema.org","@graph":[{"@type":"WebPage","@id":"https:\/\/motorshow.lu\/de\/voitures-de-competition\/","url":"https:\/\/motorshow.lu\/de\/voitures-de-competition\/","name":"Rennautos - Motor Show","isPartOf":{"@id":"https:\/\/motorshow.lu\/#website"},"primaryImageOfPage":{"@id":"https:\/\/motorshow.lu\/de\/voitures-de-competition\/#primaryimage"},"image":{"@id":"https:\/\/motorshow.lu\/de\/voitures-de-competition\/#primaryimage"},"thumbnailUrl":"https:\/\/motorshow.lu\/wp-content\/uploads\/sites\/2\/2023_IMS_Web_005-edited.jpg","datePublished":"2025-02-10T14:17:54+00:00","dateModified":"2025-09-25T14:41:31+00:00","breadcrumb":{"@id":"https:\/\/motorshow.lu\/de\/voitures-de-competition\/#breadcrumb"},"inLanguage":"de","potentialAction":[{"@type":"ReadAction","target":["https:\/\/motorshow.lu\/de\/voitures-de-competition\/"]}]},{"@type":"ImageObject","inLanguage":"de","@id":"https:\/\/motorshow.lu\/de\/voitures-de-competition\/#primaryimage","url":"https:\/\/motorshow.lu\/wp-content\/uploads\/sites\/2\/2023_IMS_Web_005-edited.jpg","contentUrl":"https:\/\/motorshow.lu\/wp-content\/uploads\/sites\/2\/2023_IMS_Web_005-edited.jpg"},{"@type":"BreadcrumbList","@id":"https:\/\/motorshow.lu\/de\/voitures-de-competition\/#breadcrumb","itemListElement":[{"@type":"ListItem","position":1,"name":"Accueil","item":"https:\/\/motorshow.lu\/de\/"},{"@type":"ListItem","position":2,"name":"Rennautos"}]},{"@type":"WebSite","@id":"https:\/\/motorshow.lu\/#website","url":"https:\/\/motorshow.lu\/","name":"Motor Show","description":"Un site utilisant Les sites de DG Sport","potentialAction":[{"@type":"SearchAction","target":{"@type":"EntryPoint","urlTemplate":"https:\/\/motorshow.lu\/?s={search_term_string}"},"query-input":{"@type":"PropertyValueSpecification","valueRequired":true,"valueName":"search_term_string"}}],"inLanguage":"de"}]}},"_links":{"self":[{"href":"https:\/\/motorshow.lu\/de\/wp-json\/wp\/v2\/pages\/4693","targetHints":{"allow":["GET"]}}],"collection":[{"href":"https:\/\/motorshow.lu\/de\/wp-json\/wp\/v2\/pages"}],"about":[{"href":"https:\/\/motorshow.lu\/de\/wp-json\/wp\/v2\/types\/page"}],"author":[{"embeddable":true,"href":"https:\/\/motorshow.lu\/de\/wp-json\/wp\/v2\/users\/2"}],"replies":[{"embeddable":true,"href":"https:\/\/motorshow.lu\/de\/wp-json\/wp\/v2\/comments?post=4693"}],"version-history":[{"count":0,"href":"https:\/\/motorshow.lu\/de\/wp-json\/wp\/v2\/pages\/4693\/revisions"}],"wp:attachment":[{"href":"https:\/\/motorshow.lu\/de\/wp-json\/wp\/v2\/media?parent=4693"}],"curies":[{"name":"wp","href":"https:\/\/api.w.org\/{rel}","templated":true}]}}